{"id":2424,"date":"2018-03-08T17:31:23","date_gmt":"2018-03-08T16:31:23","guid":{"rendered":"http:\/\/kyrya.es\/contacter"},"modified":"2024-12-11T16:50:08","modified_gmt":"2024-12-11T15:50:08","slug":"contacter","status":"publish","type":"page","link":"https:\/\/kyrya.es\/fr\/contacter\/","title":{"rendered":"Contact"},"content":{"rendered":"\n<h1 class=\"wp-block-heading\">Contactez nous<\/h1>\n\n<div class=\"wp-block-columns is-layout-flex wp-container-core-columns-is-layout-9d6595d7 wp-block-columns-is-layout-flex\">\n<div class=\"wp-block-column is-layout-flow wp-block-column-is-layout-flow\">\n<div class=\"wp-block-contact-form-7-contact-form-selector\">\n<div class=\"wpcf7 no-js\" id=\"wpcf7-f57074-o1\" lang=\"fr-FR\" dir=\"ltr\" data-wpcf7-id=\"57074\">\n<div class=\"screen-reader-response\"><p role=\"status\" aria-live=\"polite\" aria-atomic=\"true\"><\/p> <ul><\/ul><\/div>\n<form action=\"\/fr\/wp-json\/wp\/v2\/pages\/2424#wpcf7-f57074-o1\" method=\"post\" class=\"wpcf7-form init cmonitor-ext-0.4.67\" aria-label=\"Formulaire de contact\" novalidate=\"novalidate\" data-status=\"init\">\n<fieldset class=\"hidden-fields-container\"><input type=\"hidden\" name=\"_wpcf7\" value=\"57074\" \/><input type=\"hidden\" name=\"_wpcf7_version\" value=\"6.1.5\" \/><input type=\"hidden\" name=\"_wpcf7_locale\" value=\"fr_FR\" \/><input type=\"hidden\" name=\"_wpcf7_unit_tag\" value=\"wpcf7-f57074-o1\" \/><input type=\"hidden\" name=\"_wpcf7_container_post\" value=\"0\" \/><input type=\"hidden\" name=\"_wpcf7_posted_data_hash\" value=\"\" \/><input type=\"hidden\" name=\"_wpcf7cf_hidden_group_fields\" value=\"[]\" \/><input type=\"hidden\" name=\"_wpcf7cf_hidden_groups\" value=\"[]\" \/><input type=\"hidden\" name=\"_wpcf7cf_visible_groups\" value=\"[]\" \/><input type=\"hidden\" name=\"_wpcf7cf_repeaters\" value=\"[]\" \/><input type=\"hidden\" name=\"_wpcf7cf_steps\" value=\"{}\" \/><input type=\"hidden\" name=\"_wpcf7cf_options\" value=\"{&quot;form_id&quot;:57074,&quot;conditions&quot;:[{&quot;then_field&quot;:&quot;-1&quot;,&quot;and_rules&quot;:[{&quot;if_field&quot;:&quot;your-profile&quot;,&quot;operator&quot;:&quot;not empty&quot;,&quot;if_value&quot;:&quot;&quot;},{&quot;if_field&quot;:&quot;your-profile&quot;,&quot;operator&quot;:&quot;not equals&quot;,&quot;if_value&quot;:&quot;Client final&quot;}]}],&quot;settings&quot;:{&quot;animation&quot;:&quot;yes&quot;,&quot;animation_intime&quot;:200,&quot;animation_outtime&quot;:200,&quot;conditions_ui&quot;:&quot;normal&quot;,&quot;notice_dismissed&quot;:false,&quot;notice_dismissed_rollback-cf7-5.6&quot;:true,&quot;notice_dismissed_rollback-cf7-5.7.6&quot;:true,&quot;notice_dismissed_rollback-cf7-5.8.4&quot;:true,&quot;notice_dismissed_rollback-cf7-5.9.5&quot;:true,&quot;notice_dismissed_rollback-cf7-6.1.4&quot;:true}}\" \/><input type=\"hidden\" name=\"_uacf7_hidden_conditional_fields\" value=\"\" \/>\n<\/fieldset>\n<div class=\"uacf7-form-wrapper-container uacf7-form-57074  \"><p id=\"consulta-sobre\"><\/p>\n<input class=\"wpcf7-form-control wpcf7-hidden form-control\" value=\"Home\" type=\"hidden\" name=\"your-subject\" \/>\n<input class=\"wpcf7-form-control wpcf7-hidden form-control\" value=\"\" type=\"hidden\" name=\"kt\" \/>\n<input class=\"wpcf7-form-control wpcf7-hidden form-control\" value=\"\" type=\"hidden\" name=\"kn\" \/>\n<input class=\"wpcf7-form-control wpcf7-hidden form-control\" value=\"\" type=\"hidden\" name=\"kid\" \/>\n<div class=\"row\">\n<div class=\"col-md-6\">\n<label> Nom*\n    <span class=\"wpcf7-form-control-wrap\" data-name=\"your-name\"><input size=\"40\" maxlength=\"400\" class=\"wpcf7-form-control wpcf7-text wpcf7-validates-as-required form-control\" aria-required=\"true\" aria-invalid=\"false\" value=\"\" type=\"text\" name=\"your-name\" \/><\/span> <\/label>\n<\/div>\n<div class=\"col-md-6\">\n<label>Nom de famille*\n    <span class=\"wpcf7-form-control-wrap\" data-name=\"your-last-name\"><input size=\"40\" maxlength=\"400\" class=\"wpcf7-form-control wpcf7-text wpcf7-validates-as-required form-control\" aria-required=\"true\" aria-invalid=\"false\" value=\"\" type=\"text\" name=\"your-last-name\" \/><\/span> <\/label>\n<\/div>\n<span id=\"wpcf7-69f18db943c96-wrapper\" class=\"wpcf7-form-control-wrap customer-email-wrap\" ><label for=\"wpcf7-69f18db943c96-field\" class=\"hp-message\">Veuillez laisser ce champ vide.<\/label><input id=\"wpcf7-69f18db943c96-field\"  class=\"wpcf7-form-control wpcf7-text form-control\" type=\"text\" name=\"customer-email\" value=\"\" size=\"40\" tabindex=\"-1\" autocomplete=\"new-password\" \/><\/span>\n<div class=\"col-md-6\">\n<label> Email*\n    <span class=\"wpcf7-form-control-wrap\" data-name=\"your-email\"><input size=\"40\" maxlength=\"400\" class=\"wpcf7-form-control wpcf7-email wpcf7-validates-as-required wpcf7-text wpcf7-validates-as-email form-control\" aria-required=\"true\" aria-invalid=\"false\" value=\"\" type=\"email\" name=\"your-email\" \/><\/span> <\/label>\n<\/div>\n<div class=\"col-md-6\">\n<label> T\u00e9l\u00e9phone*\n    <span class=\"wpcf7-form-control-wrap\" data-name=\"your-phone\"><input size=\"40\" maxlength=\"400\" class=\"wpcf7-form-control wpcf7-text wpcf7-validates-as-required form-control\" aria-required=\"true\" aria-invalid=\"false\" value=\"\" type=\"text\" name=\"your-phone\" \/><\/span><\/label>\n<\/div><\/div>\n\n<label>Profession<\/label>\n<span class=\"wpcf7-form-control-wrap\" data-name=\"your-profile\"><span class=\"wpcf7-form-control wpcf7-radio\"><span class=\"wpcf7-list-item first\"><label><input type=\"radio\" name=\"your-profile\" value=\"Architecte\/D\u00e9corateur d&#039;int\u00e9rieur\" \/><span class=\"wpcf7-list-item-label\">Architecte\/D\u00e9corateur d&#039;int\u00e9rieur<\/span><\/label><\/span><span class=\"wpcf7-list-item\"><label><input type=\"radio\" name=\"your-profile\" value=\"Distributeur\/Magasin\" \/><span class=\"wpcf7-list-item-label\">Distributeur\/Magasin<\/span><\/label><\/span><span class=\"wpcf7-list-item\"><label><input type=\"radio\" name=\"your-profile\" value=\"Installateur\/R\u00e9novations\" \/><span class=\"wpcf7-list-item-label\">Installateur\/R\u00e9novations<\/span><\/label><\/span><span class=\"wpcf7-list-item last\"><label><input type=\"radio\" name=\"your-profile\" value=\"Particulier\" \/><span class=\"wpcf7-list-item-label\">Particulier<\/span><\/label><\/span><\/span><\/span>\n\n<div class=\"uacf7_conditional profile-conditional\">\n<label> Company*\n    <span class=\"wpcf7-form-control-wrap\" data-name=\"your-company\"><input size=\"40\" maxlength=\"400\" class=\"wpcf7-form-control wpcf7-text wpcf7-validates-as-required form-control\" aria-required=\"true\" aria-invalid=\"false\" value=\"\" type=\"text\" name=\"your-company\" \/><\/span><\/label>\n<\/div>\n\n<div class=\"row\">\n<div class=\"col-md-6\">\n<label> Ville*\n    <span class=\"wpcf7-form-control-wrap\" data-name=\"your-city\"><input size=\"40\" maxlength=\"400\" class=\"wpcf7-form-control wpcf7-text wpcf7-validates-as-required form-control\" aria-required=\"true\" aria-invalid=\"false\" value=\"\" type=\"text\" name=\"your-city\" \/><\/span> <\/label>\n<\/div>\n<div class=\"col-md-6\">\n<label> Province*\n    <span class=\"wpcf7-form-control-wrap\" data-name=\"your-state\"><input size=\"40\" maxlength=\"400\" class=\"wpcf7-form-control wpcf7-text wpcf7-validates-as-required form-control\" aria-required=\"true\" aria-invalid=\"false\" value=\"\" type=\"text\" name=\"your-state\" \/><\/span> <\/label>\n<\/div>\n<div class=\"col-md-6\">\n<label> Pays*\n    \n\t\t\n\t\t\t<span id=\"uacf7_country_select\" class=\"wpcf7-form-control-wrap  your-country\">\n\n\t\t\t\t<input id=\"uacf7_countries_your-country\" type=\"text\" class=\"wpcf7-form-control wpcf7-uacf7_country_dropdown wpcf7-validates-as-required uacf7_country_dropdown_with_flag form-control\" aria-required=\"true\" aria-invalid=\"false\" name=\"your-country\">\n\n\t\t\t\t<span> <\/span>\n\n\t\t\t\t<div style=\"display:none;\">\n\t\t\t\t\t<input type=\"hidden\" id=\"uacf7_countries_your-country_code\" data-countrycodeinput=\"1\"\n\t\t\t\t\t\treadonly=\"readonly\" placeholder=\"Selected country code will appear here\" \/>\n\t\t\t\t<\/div>\n\n\t\t\t<\/span>\n\t\t <\/label>\n\n<\/div>\n<div class=\"col-md-6\">\n<label>Type de demande<\/label>\n<span class=\"wpcf7-form-control-wrap\" data-name=\"your-query-type\"><select class=\"wpcf7-form-control wpcf7-select wpcf7-validates-as-required form-control\" aria-required=\"true\" aria-invalid=\"false\" name=\"your-query-type\"><option value=\"Commerciale\">Commerciale<\/option><option value=\"Technique\">Technique<\/option><option value=\"Service apr\u00e8s-vente\">Service apr\u00e8s-vente<\/option><option value=\"Emploi\">Emploi<\/option><option value=\"Autre\">Autre<\/option><\/select><\/span>\n<\/div>\n<\/div>\n\n<label> Message*\n<span class=\"wpcf7-form-control-wrap\" data-name=\"your-message\"><textarea cols=\"40\" rows=\"4\" maxlength=\"2000\" class=\"wpcf7-form-control wpcf7-textarea wpcf7-validates-as-required form-control\" aria-required=\"true\" aria-invalid=\"false\" name=\"your-message\"><\/textarea><\/span><\/label>\n\n<small>En remplissant le formulaire et en cliquant sur \u00ab Soumettre \u00bb, vous autorisez le responsable du traitement des donn\u00e9es personnelles \u00e0 r\u00e9pondre \u00e0 votre requ\u00eate ou \u00e0 vos demandes d'information par courriel. Pour plus d'informations et conna\u00eetre vos droits, consultez notre  <a href=\"http:\/\/kyrya.es\/?p=2485\" target=\"_blank\">politique de confidentialit\u00e9<\/a>.<\/small>\n\n<span class=\"wpcf7-form-control-wrap\" data-name=\"aceptacion\"><span class=\"wpcf7-form-control wpcf7-acceptance\"><span class=\"wpcf7-list-item\"><label><input type=\"checkbox\" name=\"aceptacion\" value=\"1\" aria-invalid=\"false\" \/><span class=\"wpcf7-list-item-label\">J'accepte la <a href=\"https:\/\/kyrya.es\/?p=2485\" target=\"_blank\">Politique de confidentialit\u00e9<\/a>.<\/span><\/label><\/span><\/span><\/span>\n\n<span class=\"wpcf7-form-control-wrap\" data-name=\"optin\"><span class=\"wpcf7-form-control wpcf7-acceptance optional\"><span class=\"wpcf7-list-item\"><label><input type=\"checkbox\" name=\"optin\" value=\"1\" aria-invalid=\"false\" \/><span class=\"wpcf7-list-item-label\">Je souhaite recevoir des informations p\u00e9riodiques sur les offres et promotions du Kyrya Group par e-mail<\/span><\/label><\/span><\/span><\/span>\n\n\nInformations de base\n<p><small>\n<ul>\n<li><b>Responsable<\/b>: Bujiol S.L.<\/li>\n<li><b>Objectif<\/b>: Information et gestion des candidats online. Recueil de CV par le biais de la plateforme \u00ab Travaillez avec nous \u00bb.<\/li>\n<li><b>L\u00e9gitimation <\/b>: int\u00e9r\u00eat l\u00e9gitime. Accord de l'utilisateur.<\/li>\n<li><b>Destinataires <\/b>: Aucune de ces donn\u00e9es est c\u00e9d\u00e9e \u00e0 des tiers.<\/li>\n<li><b>Conservation des donn\u00e9es <\/b>: base de donn\u00e9es et service de messagerie h\u00e9berg\u00e9s par Arsys.<\/li>\n<li><b>Dur\u00e9e<\/b>: aussi longtemps que l'utilisateur le souhaite.<\/li>\n<li><b>Droits<\/b>: limitation, r\u00e9cup\u00e9ration et suppression <\/li>\n<\/ul>\n<\/small><\/p>\n\n<input class=\"wpcf7-form-control wpcf7-submit has-spinner btn btn-secondary\" type=\"submit\" value=\"Soumettre requ\u00eate\" \/><\/div><div class=\"wpcf7-response-output\" aria-hidden=\"true\"><\/div><p style=\"display: none !important\"><span class=\"wpcf7-form-control-wrap referer-page\"><input type=\"text\" name=\"referer-page\" value=\"http:\/\/Direct%20Visit\" data-value=\"http:\/\/Direct%20Visit\" size=\"40\" class=\"wpcf7-form-control wpcf7-text referer-page\" aria-invalid=\"false\"><\/span><\/p>\n<!-- campaignmonitor extension by Renzo Johnson -->\n<\/form>\n<\/div>\n<\/div>\n<\/div>\n\n\n\n<div class=\"wp-block-column is-layout-flow wp-block-column-is-layout-flow\">\n<iframe src=\"https:\/\/www.google.com\/maps\/embed?pb=!1m18!1m12!1m3!1d2983.4035527575243!2d-1.0860588223168601!3d41.60378437127331!2m3!1f0!2f0!3f0!3m2!1i1024!2i768!4f13.1!3m3!1m2!1s0xd59678e6234ad03%3A0x720ddd948ac80988!2sBujiol%20S.L.%20-%20Fabricante%20de%20muebles%20de%20ba%C3%B1o%20a%20medida!5e0!3m2!1ses!2ses!4v1723567448318!5m2!1ses!2ses\" width=\"100%\" height=\"250\" style=\"border:0;\" allowfullscreen=\"\" loading=\"lazy\" referrerpolicy=\"no-referrer-when-downgrade\"><\/iframe>\n\n\n\n<p><strong>BUJIOL S.L.<\/strong><br>Calle Nicaragua, 6.<br>50198 La Muela. Zaragoza (SPAIN)<br>ES \/ PT: +34 976 902 763 \u2013 <a href=\"mailto:info@kyrya.es\">info@kyrya.es<\/a><br>FR: +33 (0)1 89 707 783 \u2013 <a href=\"mailto:support@kyrya.es\">support@kyrya.es<\/a><br>EN: +34 976 905 070 \u2013 <a href=\"mailto:support@kyrya.es\">support@kyrya.es<\/a><\/p>\n<\/div>\n<\/div>\n\n<p><\/p>\n","protected":false},"excerpt":{"rendered":"<p>Contactez nous [&#8230;]<\/p>\n","protected":false},"author":1913,"featured_media":0,"parent":0,"menu_order":91,"comment_status":"closed","ping_status":"closed","template":"page-templates\/no-title.php","meta":{"_acf_changed":false,"inline_featured_image":false,"footnotes":""},"class_list":["post-2424","page","type-page","status-publish","hentry"],"acf":[],"yoast_head":"<!-- This site is optimized with the Yoast SEO plugin v27.5 - https:\/\/yoast.com\/product\/yoast-seo-wordpress\/ -->\n<title>Contact - Kyrya<\/title>\n<meta name=\"description\" content=\"Contactez nous\" \/>\n<meta name=\"robots\" content=\"index, follow, max-snippet:-1, max-image-preview:large, max-video-preview:-1\" \/>\n<link rel=\"canonical\" href=\"https:\/\/kyrya.es\/fr\/contacter\/\" \/>\n<meta property=\"og:locale\" content=\"fr_FR\" \/>\n<meta property=\"og:type\" content=\"article\" \/>\n<meta property=\"og:title\" content=\"Contact - Kyrya\" \/>\n<meta property=\"og:description\" content=\"Contactez nous\" \/>\n<meta property=\"og:url\" content=\"https:\/\/kyrya.es\/fr\/contacter\/\" \/>\n<meta property=\"og:site_name\" content=\"Kyrya\" \/>\n<meta property=\"article:publisher\" content=\"https:\/\/www.facebook.com\/kyrya.es\" \/>\n<meta property=\"article:modified_time\" content=\"2024-12-11T15:50:08+00:00\" \/>\n<meta property=\"og:image\" content=\"https:\/\/kyrya.es\/wp-content\/uploads\/kyrya-slide-1.jpg\" \/>\n\t<meta property=\"og:image:width\" content=\"1600\" \/>\n\t<meta property=\"og:image:height\" content=\"952\" \/>\n\t<meta property=\"og:image:type\" content=\"image\/jpeg\" \/>\n<meta name=\"twitter:card\" content=\"summary_large_image\" \/>\n<meta name=\"twitter:label1\" content=\"Dur\u00e9e de lecture estim\u00e9e\" \/>\n\t<meta name=\"twitter:data1\" content=\"1 minute\" \/>\n<script type=\"application\/ld+json\" class=\"yoast-schema-graph\">{\"@context\":\"https:\\\/\\\/schema.org\",\"@graph\":[{\"@type\":\"WebPage\",\"@id\":\"https:\\\/\\\/kyrya.es\\\/fr\\\/contacter\\\/\",\"url\":\"https:\\\/\\\/kyrya.es\\\/fr\\\/contacter\\\/\",\"name\":\"Contact - Kyrya\",\"isPartOf\":{\"@id\":\"https:\\\/\\\/kyrya.es\\\/#website\"},\"datePublished\":\"2018-03-08T16:31:23+00:00\",\"dateModified\":\"2024-12-11T15:50:08+00:00\",\"description\":\"Contactez nous\",\"breadcrumb\":{\"@id\":\"https:\\\/\\\/kyrya.es\\\/fr\\\/contacter\\\/#breadcrumb\"},\"inLanguage\":\"fr-FR\",\"potentialAction\":[{\"@type\":\"ReadAction\",\"target\":[\"https:\\\/\\\/kyrya.es\\\/fr\\\/contacter\\\/\"]}]},{\"@type\":\"BreadcrumbList\",\"@id\":\"https:\\\/\\\/kyrya.es\\\/fr\\\/contacter\\\/#breadcrumb\",\"itemListElement\":[{\"@type\":\"ListItem\",\"position\":1,\"name\":\"Kyrya\",\"item\":\"https:\\\/\\\/kyrya.es\\\/fr\\\/\"},{\"@type\":\"ListItem\",\"position\":2,\"name\":\"Contact\"}]},{\"@type\":\"WebSite\",\"@id\":\"https:\\\/\\\/kyrya.es\\\/#website\",\"url\":\"https:\\\/\\\/kyrya.es\\\/\",\"name\":\"Kyrya\",\"description\":\"Mobiliario de ba\u00f1o a medida\",\"publisher\":{\"@id\":\"https:\\\/\\\/kyrya.es\\\/#organization\"},\"potentialAction\":[{\"@type\":\"SearchAction\",\"target\":{\"@type\":\"EntryPoint\",\"urlTemplate\":\"https:\\\/\\\/kyrya.es\\\/?s={search_term_string}\"},\"query-input\":{\"@type\":\"PropertyValueSpecification\",\"valueRequired\":true,\"valueName\":\"search_term_string\"}}],\"inLanguage\":\"fr-FR\"},{\"@type\":\"Organization\",\"@id\":\"https:\\\/\\\/kyrya.es\\\/#organization\",\"name\":\"Kyrya\",\"url\":\"https:\\\/\\\/kyrya.es\\\/\",\"logo\":{\"@type\":\"ImageObject\",\"inLanguage\":\"fr-FR\",\"@id\":\"https:\\\/\\\/kyrya.es\\\/#\\\/schema\\\/logo\\\/image\\\/\",\"url\":\"https:\\\/\\\/kyrya.es\\\/wp-content\\\/uploads\\\/logo-kyrya.svg\",\"contentUrl\":\"https:\\\/\\\/kyrya.es\\\/wp-content\\\/uploads\\\/logo-kyrya.svg\",\"width\":\"1280\",\"height\":\"900\",\"caption\":\"Kyrya\"},\"image\":{\"@id\":\"https:\\\/\\\/kyrya.es\\\/#\\\/schema\\\/logo\\\/image\\\/\"},\"sameAs\":[\"https:\\\/\\\/www.facebook.com\\\/kyrya.es\",\"https:\\\/\\\/www.instagram.com\\\/kyrya.es\\\/\",\"https:\\\/\\\/www.linkedin.com\\\/company\\\/kyrya\\\/\",\"https:\\\/\\\/es.pinterest.com\\\/kyrya_es\\\/\"]}]}<\/script>\n<!-- \/ Yoast SEO plugin. -->","yoast_head_json":{"title":"Contact - Kyrya","description":"Contactez nous","robots":{"index":"index","follow":"follow","max-snippet":"max-snippet:-1","max-image-preview":"max-image-preview:large","max-video-preview":"max-video-preview:-1"},"canonical":"https:\/\/kyrya.es\/fr\/contacter\/","og_locale":"fr_FR","og_type":"article","og_title":"Contact - Kyrya","og_description":"Contactez nous","og_url":"https:\/\/kyrya.es\/fr\/contacter\/","og_site_name":"Kyrya","article_publisher":"https:\/\/www.facebook.com\/kyrya.es","article_modified_time":"2024-12-11T15:50:08+00:00","og_image":[{"width":1600,"height":952,"url":"https:\/\/kyrya.es\/wp-content\/uploads\/kyrya-slide-1.jpg","type":"image\/jpeg"}],"twitter_card":"summary_large_image","twitter_misc":{"Dur\u00e9e de lecture estim\u00e9e":"1 minute"},"schema":{"@context":"https:\/\/schema.org","@graph":[{"@type":"WebPage","@id":"https:\/\/kyrya.es\/fr\/contacter\/","url":"https:\/\/kyrya.es\/fr\/contacter\/","name":"Contact - Kyrya","isPartOf":{"@id":"https:\/\/kyrya.es\/#website"},"datePublished":"2018-03-08T16:31:23+00:00","dateModified":"2024-12-11T15:50:08+00:00","description":"Contactez nous","breadcrumb":{"@id":"https:\/\/kyrya.es\/fr\/contacter\/#breadcrumb"},"inLanguage":"fr-FR","potentialAction":[{"@type":"ReadAction","target":["https:\/\/kyrya.es\/fr\/contacter\/"]}]},{"@type":"BreadcrumbList","@id":"https:\/\/kyrya.es\/fr\/contacter\/#breadcrumb","itemListElement":[{"@type":"ListItem","position":1,"name":"Kyrya","item":"https:\/\/kyrya.es\/fr\/"},{"@type":"ListItem","position":2,"name":"Contact"}]},{"@type":"WebSite","@id":"https:\/\/kyrya.es\/#website","url":"https:\/\/kyrya.es\/","name":"Kyrya","description":"Mobiliario de ba\u00f1o a medida","publisher":{"@id":"https:\/\/kyrya.es\/#organization"},"potentialAction":[{"@type":"SearchAction","target":{"@type":"EntryPoint","urlTemplate":"https:\/\/kyrya.es\/?s={search_term_string}"},"query-input":{"@type":"PropertyValueSpecification","valueRequired":true,"valueName":"search_term_string"}}],"inLanguage":"fr-FR"},{"@type":"Organization","@id":"https:\/\/kyrya.es\/#organization","name":"Kyrya","url":"https:\/\/kyrya.es\/","logo":{"@type":"ImageObject","inLanguage":"fr-FR","@id":"https:\/\/kyrya.es\/#\/schema\/logo\/image\/","url":"https:\/\/kyrya.es\/wp-content\/uploads\/logo-kyrya.svg","contentUrl":"https:\/\/kyrya.es\/wp-content\/uploads\/logo-kyrya.svg","width":"1280","height":"900","caption":"Kyrya"},"image":{"@id":"https:\/\/kyrya.es\/#\/schema\/logo\/image\/"},"sameAs":["https:\/\/www.facebook.com\/kyrya.es","https:\/\/www.instagram.com\/kyrya.es\/","https:\/\/www.linkedin.com\/company\/kyrya\/","https:\/\/es.pinterest.com\/kyrya_es\/"]}]}},"_links":{"self":[{"href":"https:\/\/kyrya.es\/fr\/wp-json\/wp\/v2\/pages\/2424","targetHints":{"allow":["GET"]}}],"collection":[{"href":"https:\/\/kyrya.es\/fr\/wp-json\/wp\/v2\/pages"}],"about":[{"href":"https:\/\/kyrya.es\/fr\/wp-json\/wp\/v2\/types\/page"}],"author":[{"embeddable":true,"href":"https:\/\/kyrya.es\/fr\/wp-json\/wp\/v2\/users\/1913"}],"replies":[{"embeddable":true,"href":"https:\/\/kyrya.es\/fr\/wp-json\/wp\/v2\/comments?post=2424"}],"version-history":[{"count":2,"href":"https:\/\/kyrya.es\/fr\/wp-json\/wp\/v2\/pages\/2424\/revisions"}],"predecessor-version":[{"id":72016,"href":"https:\/\/kyrya.es\/fr\/wp-json\/wp\/v2\/pages\/2424\/revisions\/72016"}],"wp:attachment":[{"href":"https:\/\/kyrya.es\/fr\/wp-json\/wp\/v2\/media?parent=2424"}],"curies":[{"name":"wp","href":"https:\/\/api.w.org\/{rel}","templated":true}]}}