{"id":2488,"date":"2018-03-15T09:40:49","date_gmt":"2018-03-15T08:40:49","guid":{"rendered":"http:\/\/kyrya.es\/avis-juridique"},"modified":"2025-06-23T09:29:23","modified_gmt":"2025-06-23T07:29:23","slug":"mentions-legales","status":"publish","type":"page","link":"https:\/\/kyrya.es\/fr\/mentions-legales\/","title":{"rendered":"Avis juridique"},"content":{"rendered":"\n<h2 class=\"wp-block-heading\"><span style=\"text-decoration: underline;\">INFORMATIONS JURIDIQUES<\/span><\/h2>\n\n\n\n<p><strong>Conform\u00e9ment \u00e0 l&rsquo;<\/strong>article 10 de la <strong>loi 34\/2002, du 11 juillet, sur les services de la soci\u00e9t\u00e9 de l&rsquo;information et du commerce \u00e9lectronique <\/strong>(LSSICE), nous vous pr\u00e9sentons les informations suivantes :<\/p>\n\n\n\n<p>Nom de la soci\u00e9t\u00e9 : <strong>KYRYA<\/strong><br>\u00c9mail : <a href=\"mailto:info@kyrya.es\">info@kyrya.es<\/a><\/p>\n\n\n\n<div class=\"wp-block-columns is-layout-flex wp-container-core-columns-is-layout-9d6595d7 wp-block-columns-is-layout-flex\">\n<div class=\"wp-block-column no-sakydu is-layout-flow wp-block-column-is-layout-flow\" style=\"flex-basis:50%\">\n<p><strong>BUJIOL S.L.<\/strong><\/p>\n\n\n\n<ul class=\"wp-block-list wp-block-list\"><li>Direcci\u00f3n: C\/ Nicaragua, 6 \u2013 50198 &#8211; La Muela (Zaragoza)<\/li><li>CIF: B99262339<\/li><li>Tel\u00e9fono: 976 90 27 69<\/li><\/ul>\n<\/div>\n\n\n\n<div class=\"wp-block-column no-sakydu is-layout-flow wp-block-column-is-layout-flow\" style=\"flex-basis:50%\">\n<p><strong>SOLID SURFACE INDUSTRIES S.L.<\/strong><\/p>\n\n\n\n<ul class=\"wp-block-list wp-block-list\"><li>Direcci\u00f3n: C\/ Nicaragua, 6 \u2013 50198 &#8211; La Muela (Zaragoza)<\/li><li>C.I.F.: B86347291<\/li><li>Tel\u00e9fono: 976 90 27 63<\/li><\/ul>\n<\/div>\n<\/div>\n\n\n\n<div class=\"wp-block-columns is-layout-flex wp-container-core-columns-is-layout-9d6595d7 wp-block-columns-is-layout-flex\">\n<div class=\"wp-block-column no-sakydu is-layout-flow wp-block-column-is-layout-flow\" style=\"flex-basis:50%\">\n<p><strong>CROWE INVERSIONES S.L.<\/strong><\/p>\n\n\n\n<ul class=\"wp-block-list wp-block-list\"><li>Direcci\u00f3n: C\/ SAGASTA, 15 &#8211; 3\u00ba IZQ. \u2013 28004 \u2013 Madrid. <\/li><li>C.I.F.: B86124252<\/li><\/ul>\n<\/div>\n\n\n\n<div class=\"wp-block-column sakydu is-layout-flow wp-block-column-is-layout-flow\" style=\"flex-basis:50%\">\n<p><strong>SAKYDU S.L.<\/strong><\/p>\n\n\n\n<ul class=\"wp-block-list wp-block-list\"><li>Direcci\u00f3n: Calle Uruguay (pol. ind Centrovia), 5 &#8211; La Muela &#8211; 50196 (Zaragoza)<\/li><li>C.I.F.: B99507733<\/li><li>Tel\u00e9fono: 976 11 31 13<\/li><\/ul>\n<\/div>\n<\/div>\n\n\n\n<h2 class=\"wp-block-heading\">LA PROTECTION DES DONN\u00c9ES<\/h2>\n\n\n\n<ul class=\"wp-block-list wp-block-list\">\n<li>En remplissant le formulaire d&rsquo;inscription ou de contact, en envoyant un \u00e9mail ou en t\u00e9l\u00e9phonant, vos donn\u00e9es personnelles deviendront la responsabilit\u00e9 de l&rsquo;entit\u00e9 dont les donn\u00e9es sont \u00e9num\u00e9r\u00e9es dans la section Informations Juridiques.<\/li>\n\n\n\n<li>Ces donn\u00e9es seront utilis\u00e9es pour r\u00e9pondre \u00e0 votre demande ou consultation dans les plus brefs d\u00e9lais et pour communiquer avec nous commercialement, car vous nous fournissez librement des informations \u00e0 ces fins. Si vous nous fournissez un curriculum vitae, vos donn\u00e9es seront utilis\u00e9es pour l&rsquo;int\u00e9grer dans les processus de s\u00e9lection actuels et futurs de notre entit\u00e9 et pour nous communiquer avec vous, m\u00eame par voie \u00e9lectronique, en relation avec votre candidature bien s\u00fbr.<\/li>\n<\/ul>\n\n\n\n<p>Pour d&rsquo;autres traitements ou objectifs li\u00e9s \u00e0 la fourniture de nos services ou au d\u00e9veloppement de notre activit\u00e9, vous pouvez obtenir plus d&rsquo;informations dans la <strong><a href=\"https:\/\/kyrya.es\/fr\/politique-confidentialite\/\">Politique de Confidentialit\u00e9<\/a><\/strong> ou les demander \u00e0 notre adresse de contact.<\/p>\n\n\n\n<ul class=\"wp-block-list wp-block-list\">\n<li>Les donn\u00e9es personnelles collect\u00e9es sur notre site sont trait\u00e9es conform\u00e9ment aux exigences du r\u00e8glement (UE) 2016\/679 du Parlement europ\u00e9en et du Conseil du 27 avril 2016 relatif \u00e0 la protection des personnes physiques \u00e0 l&rsquo;\u00e9gard du traitement des donn\u00e9es \u00e0 caract\u00e8re personnel et \u00e0 la libre circulation de ces donn\u00e9es.<\/li>\n\n\n\n<li>Nous garantissons \u00e9galement que les donn\u00e9es \u00e0 caract\u00e8re personnel sont trait\u00e9es de mani\u00e8re l\u00e9gale, loyale et transparente, et qu&rsquo;elles sont collect\u00e9es \u00e0 des fins sp\u00e9cifiques, explicites et l\u00e9gitimes, en \u00e9tant limit\u00e9es \u00e0 ces fins et mises \u00e0 jour si n\u00e9cessaire. Les personnes concern\u00e9es ne seront pas identifi\u00e9es plus longtemps que n\u00e9cessaire et leur s\u00e9curit\u00e9 sera garantie par des mesures techniques et organisationnelles appropri\u00e9es.<\/li>\n\n\n\n<li>Lorsque les donn\u00e9es ne sont plus n\u00e9cessaires aux fins pour lesquelles elles ont \u00e9t\u00e9 collect\u00e9es, elles sont conserv\u00e9es \u00e0 la disposition des administrations publiques comp\u00e9tentes pendant les d\u00e9lais l\u00e9gaux de conservation, c&rsquo;est-\u00e0-dire aussi longtemps qu&rsquo;une loi peut nous obliger \u00e0 les communiquer. Une fois ces p\u00e9riodes expir\u00e9es, elles seront supprim\u00e9es.<\/li>\n\n\n\n<li>Vous pouvez exercer vos droits d&rsquo;acc\u00e8s, de rectification, de suppression, d&rsquo;opposition ainsi que les autres droits accord\u00e9s par la r\u00e9glementation sur la protection des donn\u00e9es \u00e0 caract\u00e8re personnel en envoyant une copie d&rsquo;un document d&rsquo;identification \u00e0 l&rsquo;adresse info@kyrya.es. Si vous souhaitez ne plus recevoir nos communications commerciales, vous pouvez \u00e9galement envoyer votre demande \u00e0 l&rsquo;adresse marqu\u00e9e ci-dessus.<\/li>\n\n\n\n<li>Vous pouvez trouver plus d&rsquo;informations sur vos droits ou d\u00e9poser une plainte aupr\u00e8s de l&rsquo;autorit\u00e9 de contr\u00f4le comp\u00e9tente \u00e0 l&rsquo;Agence espagnole de protection des donn\u00e9es sur l\u2019adresse&nbsp;: <a href=\"http:\/\/www.agpd.es\">http:\/\/www.agpd.es<\/a> &#8211; C\/ Jorge Juan, 6. 28001 &#8211; Madrid (901 100 099 &#8211; 912 663 517).<\/li>\n<\/ul>\n\n\n\n<h2 class=\"wp-block-heading\">LIMITATION DE RESPONSABILIT\u00c9<\/h2>\n\n\n\n<ul class=\"wp-block-list wp-block-list\">\n<li>Le GRUPE KYRYA procure le site web de l&rsquo;entreprise comme moyen de faire conna\u00eetre ses produits et services, et de permettre le contact avec les clients. Les informations figurant sur le site web sont pr\u00e9sent\u00e9es \u00e0 titre indicatif ou \u00e0 des fins d&rsquo;information et ne seront \u00e0 aucun moment consid\u00e9r\u00e9es comme contraignantes. Pour la location des produits ou services de l&rsquo;entit\u00e9, les dispositions des devis et des contrats seront d\u00fbment formalis\u00e9es.<\/li>\n\n\n\n<li>L&rsquo;entit\u00e9 n&rsquo;est pas responsable des \u00e9ventuels dommages informatiques que l&rsquo;utilisateur pourrait subir lors de la visite de notre site web, \u00e9tant entendu que ces dommages ne peuvent \u00eatre attribu\u00e9s \u00e0 l&rsquo;entit\u00e9.<\/li>\n\n\n\n<li>L&rsquo;entit\u00e9 n&rsquo;est pas non plus responsable du contenu des sites g\u00e9r\u00e9s par des tiers qui sont li\u00e9s au site web, et ces liens n&rsquo;impliquent pas l&rsquo;existence d&rsquo;une quelconque relation du GRUPO KYRYA avec ces derniers.<\/li>\n<\/ul>\n\n\n\n<h2 class=\"wp-block-heading\">PROPRI\u00c9T\u00c9 INTELLECTUELLE<\/h2>\n\n\n\n<ul class=\"wp-block-list wp-block-list\">\n<li>Tous les contenus de ce site web, y compris les textes, dessins, graphiques, photographies, images, vid\u00e9os, musique, code, le design lui-m\u00eame et toute autre cr\u00e9ation, sont la propri\u00e9t\u00e9 du KYRYA ou de leurs propri\u00e9taires respectifs par le biais de la licence, de l&rsquo;autorisation ou de la cession de droits correspondante et sont prot\u00e9g\u00e9s conform\u00e9ment \u00e0 la l\u00e9gislation sur la propri\u00e9t\u00e9 intellectuelle et industrielle.<\/li>\n\n\n\n<li>En aucun cas, il ne doit \u00eatre compris que la mise \u00e0 disposition du site web au public constitue une renonciation, une cession ou une licence des droits que le KYRYA d\u00e9tient sur son contenu.<\/li>\n\n\n\n<li>Toute utilisation du contenu de notre site web, y compris la modification, la copie, la reproduction, la transmission, etc. est interdite sans l&rsquo;autorisation \u00e9crite pr\u00e9alable de l&rsquo;entit\u00e9.<\/li>\n<\/ul>\n","protected":false},"excerpt":{"rendered":"<p>INFORMATIONS JURIDIQUES Conform\u00e9ment \u00e0 l&rsquo;article 10 de la loi 34\/2002, du 11 juillet, sur les services de la soci\u00e9t\u00e9 de l&rsquo;information et du commerce \u00e9lectronique (LSSICE), nous vous pr\u00e9sentons les [&#8230;]<\/p>\n","protected":false},"author":1,"featured_media":0,"parent":0,"menu_order":133,"comment_status":"closed","ping_status":"closed","template":"page-templates\/legal-page.php","meta":{"_acf_changed":false,"inline_featured_image":false,"footnotes":""},"class_list":["post-2488","page","type-page","status-publish","hentry"],"acf":[],"yoast_head":"<!-- This site is optimized with the Yoast SEO plugin v27.3 - https:\/\/yoast.com\/product\/yoast-seo-wordpress\/ -->\n<title>Avis juridique - Kyrya<\/title>\n<meta name=\"description\" content=\"INFORMATIONS JURIDIQUES Conform\u00e9ment \u00e0 l&#039;article 10 de la loi 34\/2002, du 11 juillet, sur les services de la soci\u00e9t\u00e9 de l&#039;information et du commerce\" \/>\n<meta name=\"robots\" content=\"noindex, follow\" \/>\n<meta property=\"og:locale\" content=\"fr_FR\" \/>\n<meta property=\"og:type\" content=\"article\" \/>\n<meta property=\"og:title\" content=\"Avis juridique - Kyrya\" \/>\n<meta property=\"og:description\" content=\"INFORMATIONS JURIDIQUES Conform\u00e9ment \u00e0 l&#039;article 10 de la loi 34\/2002, du 11 juillet, sur les services de la soci\u00e9t\u00e9 de l&#039;information et du commerce\" \/>\n<meta property=\"og:url\" content=\"https:\/\/kyrya.es\/fr\/mentions-legales\/\" \/>\n<meta property=\"og:site_name\" content=\"Kyrya\" \/>\n<meta property=\"article:publisher\" content=\"https:\/\/www.facebook.com\/kyrya.es\" \/>\n<meta property=\"article:modified_time\" content=\"2025-06-23T07:29:23+00:00\" \/>\n<meta property=\"og:image\" content=\"https:\/\/kyrya.es\/wp-content\/uploads\/kyrya-slide-1.jpg\" \/>\n\t<meta property=\"og:image:width\" content=\"1600\" \/>\n\t<meta property=\"og:image:height\" content=\"952\" \/>\n\t<meta property=\"og:image:type\" content=\"image\/jpeg\" \/>\n<meta name=\"twitter:card\" content=\"summary_large_image\" \/>\n<meta name=\"twitter:label1\" content=\"Dur\u00e9e de lecture estim\u00e9e\" \/>\n\t<meta name=\"twitter:data1\" content=\"4 minutes\" \/>\n<script type=\"application\/ld+json\" class=\"yoast-schema-graph\">{\"@context\":\"https:\\\/\\\/schema.org\",\"@graph\":[{\"@type\":\"WebPage\",\"@id\":\"https:\\\/\\\/kyrya.es\\\/fr\\\/mentions-legales\\\/\",\"url\":\"https:\\\/\\\/kyrya.es\\\/fr\\\/mentions-legales\\\/\",\"name\":\"Avis juridique - Kyrya\",\"isPartOf\":{\"@id\":\"https:\\\/\\\/kyrya.es\\\/#website\"},\"datePublished\":\"2018-03-15T08:40:49+00:00\",\"dateModified\":\"2025-06-23T07:29:23+00:00\",\"description\":\"INFORMATIONS JURIDIQUES Conform\u00e9ment \u00e0 l'article 10 de la loi 34\\\/2002, du 11 juillet, sur les services de la soci\u00e9t\u00e9 de l'information et du commerce\",\"breadcrumb\":{\"@id\":\"https:\\\/\\\/kyrya.es\\\/fr\\\/mentions-legales\\\/#breadcrumb\"},\"inLanguage\":\"fr-FR\",\"potentialAction\":[{\"@type\":\"ReadAction\",\"target\":[\"https:\\\/\\\/kyrya.es\\\/fr\\\/mentions-legales\\\/\"]}]},{\"@type\":\"BreadcrumbList\",\"@id\":\"https:\\\/\\\/kyrya.es\\\/fr\\\/mentions-legales\\\/#breadcrumb\",\"itemListElement\":[{\"@type\":\"ListItem\",\"position\":1,\"name\":\"Kyrya\",\"item\":\"https:\\\/\\\/kyrya.es\\\/fr\\\/\"},{\"@type\":\"ListItem\",\"position\":2,\"name\":\"Avis juridique\"}]},{\"@type\":\"WebSite\",\"@id\":\"https:\\\/\\\/kyrya.es\\\/#website\",\"url\":\"https:\\\/\\\/kyrya.es\\\/\",\"name\":\"Kyrya\",\"description\":\"Mobiliario de ba\u00f1o a medida\",\"publisher\":{\"@id\":\"https:\\\/\\\/kyrya.es\\\/#organization\"},\"potentialAction\":[{\"@type\":\"SearchAction\",\"target\":{\"@type\":\"EntryPoint\",\"urlTemplate\":\"https:\\\/\\\/kyrya.es\\\/?s={search_term_string}\"},\"query-input\":{\"@type\":\"PropertyValueSpecification\",\"valueRequired\":true,\"valueName\":\"search_term_string\"}}],\"inLanguage\":\"fr-FR\"},{\"@type\":\"Organization\",\"@id\":\"https:\\\/\\\/kyrya.es\\\/#organization\",\"name\":\"Kyrya\",\"url\":\"https:\\\/\\\/kyrya.es\\\/\",\"logo\":{\"@type\":\"ImageObject\",\"inLanguage\":\"fr-FR\",\"@id\":\"https:\\\/\\\/kyrya.es\\\/#\\\/schema\\\/logo\\\/image\\\/\",\"url\":\"https:\\\/\\\/kyrya.es\\\/wp-content\\\/uploads\\\/logo-kyrya.svg\",\"contentUrl\":\"https:\\\/\\\/kyrya.es\\\/wp-content\\\/uploads\\\/logo-kyrya.svg\",\"width\":\"1280\",\"height\":\"900\",\"caption\":\"Kyrya\"},\"image\":{\"@id\":\"https:\\\/\\\/kyrya.es\\\/#\\\/schema\\\/logo\\\/image\\\/\"},\"sameAs\":[\"https:\\\/\\\/www.facebook.com\\\/kyrya.es\",\"https:\\\/\\\/www.instagram.com\\\/kyrya.es\\\/\",\"https:\\\/\\\/www.linkedin.com\\\/company\\\/kyrya\\\/\",\"https:\\\/\\\/es.pinterest.com\\\/kyrya_es\\\/\"]}]}<\/script>\n<!-- \/ Yoast SEO plugin. -->","yoast_head_json":{"title":"Avis juridique - Kyrya","description":"INFORMATIONS JURIDIQUES Conform\u00e9ment \u00e0 l'article 10 de la loi 34\/2002, du 11 juillet, sur les services de la soci\u00e9t\u00e9 de l'information et du commerce","robots":{"index":"noindex","follow":"follow"},"og_locale":"fr_FR","og_type":"article","og_title":"Avis juridique - Kyrya","og_description":"INFORMATIONS JURIDIQUES Conform\u00e9ment \u00e0 l'article 10 de la loi 34\/2002, du 11 juillet, sur les services de la soci\u00e9t\u00e9 de l'information et du commerce","og_url":"https:\/\/kyrya.es\/fr\/mentions-legales\/","og_site_name":"Kyrya","article_publisher":"https:\/\/www.facebook.com\/kyrya.es","article_modified_time":"2025-06-23T07:29:23+00:00","og_image":[{"width":1600,"height":952,"url":"https:\/\/kyrya.es\/wp-content\/uploads\/kyrya-slide-1.jpg","type":"image\/jpeg"}],"twitter_card":"summary_large_image","twitter_misc":{"Dur\u00e9e de lecture estim\u00e9e":"4 minutes"},"schema":{"@context":"https:\/\/schema.org","@graph":[{"@type":"WebPage","@id":"https:\/\/kyrya.es\/fr\/mentions-legales\/","url":"https:\/\/kyrya.es\/fr\/mentions-legales\/","name":"Avis juridique - Kyrya","isPartOf":{"@id":"https:\/\/kyrya.es\/#website"},"datePublished":"2018-03-15T08:40:49+00:00","dateModified":"2025-06-23T07:29:23+00:00","description":"INFORMATIONS JURIDIQUES Conform\u00e9ment \u00e0 l'article 10 de la loi 34\/2002, du 11 juillet, sur les services de la soci\u00e9t\u00e9 de l'information et du commerce","breadcrumb":{"@id":"https:\/\/kyrya.es\/fr\/mentions-legales\/#breadcrumb"},"inLanguage":"fr-FR","potentialAction":[{"@type":"ReadAction","target":["https:\/\/kyrya.es\/fr\/mentions-legales\/"]}]},{"@type":"BreadcrumbList","@id":"https:\/\/kyrya.es\/fr\/mentions-legales\/#breadcrumb","itemListElement":[{"@type":"ListItem","position":1,"name":"Kyrya","item":"https:\/\/kyrya.es\/fr\/"},{"@type":"ListItem","position":2,"name":"Avis juridique"}]},{"@type":"WebSite","@id":"https:\/\/kyrya.es\/#website","url":"https:\/\/kyrya.es\/","name":"Kyrya","description":"Mobiliario de ba\u00f1o a medida","publisher":{"@id":"https:\/\/kyrya.es\/#organization"},"potentialAction":[{"@type":"SearchAction","target":{"@type":"EntryPoint","urlTemplate":"https:\/\/kyrya.es\/?s={search_term_string}"},"query-input":{"@type":"PropertyValueSpecification","valueRequired":true,"valueName":"search_term_string"}}],"inLanguage":"fr-FR"},{"@type":"Organization","@id":"https:\/\/kyrya.es\/#organization","name":"Kyrya","url":"https:\/\/kyrya.es\/","logo":{"@type":"ImageObject","inLanguage":"fr-FR","@id":"https:\/\/kyrya.es\/#\/schema\/logo\/image\/","url":"https:\/\/kyrya.es\/wp-content\/uploads\/logo-kyrya.svg","contentUrl":"https:\/\/kyrya.es\/wp-content\/uploads\/logo-kyrya.svg","width":"1280","height":"900","caption":"Kyrya"},"image":{"@id":"https:\/\/kyrya.es\/#\/schema\/logo\/image\/"},"sameAs":["https:\/\/www.facebook.com\/kyrya.es","https:\/\/www.instagram.com\/kyrya.es\/","https:\/\/www.linkedin.com\/company\/kyrya\/","https:\/\/es.pinterest.com\/kyrya_es\/"]}]}},"_links":{"self":[{"href":"https:\/\/kyrya.es\/fr\/wp-json\/wp\/v2\/pages\/2488","targetHints":{"allow":["GET"]}}],"collection":[{"href":"https:\/\/kyrya.es\/fr\/wp-json\/wp\/v2\/pages"}],"about":[{"href":"https:\/\/kyrya.es\/fr\/wp-json\/wp\/v2\/types\/page"}],"author":[{"embeddable":true,"href":"https:\/\/kyrya.es\/fr\/wp-json\/wp\/v2\/users\/1"}],"replies":[{"embeddable":true,"href":"https:\/\/kyrya.es\/fr\/wp-json\/wp\/v2\/comments?post=2488"}],"version-history":[{"count":6,"href":"https:\/\/kyrya.es\/fr\/wp-json\/wp\/v2\/pages\/2488\/revisions"}],"predecessor-version":[{"id":79543,"href":"https:\/\/kyrya.es\/fr\/wp-json\/wp\/v2\/pages\/2488\/revisions\/79543"}],"wp:attachment":[{"href":"https:\/\/kyrya.es\/fr\/wp-json\/wp\/v2\/media?parent=2488"}],"curies":[{"name":"wp","href":"https:\/\/api.w.org\/{rel}","templated":true}]}}