{"id":8813,"date":"2018-05-22T10:38:27","date_gmt":"2018-05-22T08:38:27","guid":{"rendered":"http:\/\/kyrya.es\/?page_id=8813"},"modified":"2024-08-14T14:57:30","modified_gmt":"2024-08-14T12:57:30","slug":"confirmado","status":"publish","type":"page","link":"https:\/\/kyrya.es\/fr\/confirmado\/","title":{"rendered":"Confirmado \/ Confirmed"},"content":{"rendered":"\r\n\r\nTu suscripci\u00f3n se ha confirmado. Has sido a\u00f1adido a nuestra lista y tendr\u00e1s noticias nuestras pronto.\r\n\r\n\r\n\r\n\r\n\r\nYour subscription has been confirmed. You&rsquo;ve been added to our list and will hear from us soon.\r\n\r\n","protected":false},"excerpt":{"rendered":"<p>Tu suscripci\u00f3n se ha confirmado. Has sido a\u00f1adido a nuestra lista y tendr\u00e1s noticias nuestras pronto. Your subscription has been confirmed. You&rsquo;ve been added to our list and will hear [&#8230;]<\/p>\n","protected":false},"author":1913,"featured_media":0,"parent":0,"menu_order":92,"comment_status":"closed","ping_status":"closed","template":"","meta":{"_acf_changed":false,"inline_featured_image":false,"footnotes":""},"class_list":["post-8813","page","type-page","status-publish","hentry"],"acf":[],"yoast_head":"<!-- This site is optimized with the Yoast SEO plugin v27.4 - https:\/\/yoast.com\/product\/yoast-seo-wordpress\/ -->\n<title>Confirmado \/ Confirmed - Kyrya<\/title>\n<meta name=\"description\" content=\"Tu suscripci\u00f3n se ha confirmado. Has sido a\u00f1adido a nuestra lista y tendr\u00e1s noticias nuestras pronto. Your subscription has been confirmed. You&#039;ve been\" \/>\n<meta name=\"robots\" content=\"noindex, follow\" \/>\n<meta property=\"og:locale\" content=\"fr_FR\" \/>\n<meta property=\"og:type\" content=\"article\" \/>\n<meta property=\"og:title\" content=\"Confirmado \/ Confirmed - Kyrya\" \/>\n<meta property=\"og:description\" content=\"Tu suscripci\u00f3n se ha confirmado. Has sido a\u00f1adido a nuestra lista y tendr\u00e1s noticias nuestras pronto. Your subscription has been confirmed. You&#039;ve been\" \/>\n<meta property=\"og:url\" content=\"https:\/\/kyrya.es\/confirmado\/\" \/>\n<meta property=\"og:site_name\" content=\"Kyrya\" \/>\n<meta property=\"article:publisher\" content=\"https:\/\/www.facebook.com\/kyrya.es\" \/>\n<meta property=\"article:modified_time\" content=\"2024-08-14T12:57:30+00:00\" \/>\n<meta property=\"og:image\" content=\"https:\/\/kyrya.es\/wp-content\/uploads\/kyrya-slide-1.jpg\" \/>\n\t<meta property=\"og:image:width\" content=\"1600\" \/>\n\t<meta property=\"og:image:height\" content=\"952\" \/>\n\t<meta property=\"og:image:type\" content=\"image\/jpeg\" \/>\n<meta name=\"twitter:card\" content=\"summary_large_image\" \/>\n<script type=\"application\/ld+json\" class=\"yoast-schema-graph\">{\"@context\":\"https:\\\/\\\/schema.org\",\"@graph\":[{\"@type\":\"WebPage\",\"@id\":\"https:\\\/\\\/kyrya.es\\\/confirmado\\\/\",\"url\":\"https:\\\/\\\/kyrya.es\\\/confirmado\\\/\",\"name\":\"Confirmado \\\/ Confirmed - Kyrya\",\"isPartOf\":{\"@id\":\"https:\\\/\\\/kyrya.es\\\/#website\"},\"datePublished\":\"2018-05-22T08:38:27+00:00\",\"dateModified\":\"2024-08-14T12:57:30+00:00\",\"description\":\"Tu suscripci\u00f3n se ha confirmado. Has sido a\u00f1adido a nuestra lista y tendr\u00e1s noticias nuestras pronto. Your subscription has been confirmed. You've been\",\"breadcrumb\":{\"@id\":\"https:\\\/\\\/kyrya.es\\\/confirmado\\\/#breadcrumb\"},\"inLanguage\":\"fr-FR\",\"potentialAction\":[{\"@type\":\"ReadAction\",\"target\":[\"https:\\\/\\\/kyrya.es\\\/confirmado\\\/\"]}]},{\"@type\":\"BreadcrumbList\",\"@id\":\"https:\\\/\\\/kyrya.es\\\/confirmado\\\/#breadcrumb\",\"itemListElement\":[{\"@type\":\"ListItem\",\"position\":1,\"name\":\"Kyrya\",\"item\":\"https:\\\/\\\/kyrya.es\\\/fr\\\/\"},{\"@type\":\"ListItem\",\"position\":2,\"name\":\"Confirmado \\\/ Confirmed\"}]},{\"@type\":\"WebSite\",\"@id\":\"https:\\\/\\\/kyrya.es\\\/#website\",\"url\":\"https:\\\/\\\/kyrya.es\\\/\",\"name\":\"Kyrya\",\"description\":\"Mobiliario de ba\u00f1o a medida\",\"publisher\":{\"@id\":\"https:\\\/\\\/kyrya.es\\\/#organization\"},\"potentialAction\":[{\"@type\":\"SearchAction\",\"target\":{\"@type\":\"EntryPoint\",\"urlTemplate\":\"https:\\\/\\\/kyrya.es\\\/?s={search_term_string}\"},\"query-input\":{\"@type\":\"PropertyValueSpecification\",\"valueRequired\":true,\"valueName\":\"search_term_string\"}}],\"inLanguage\":\"fr-FR\"},{\"@type\":\"Organization\",\"@id\":\"https:\\\/\\\/kyrya.es\\\/#organization\",\"name\":\"Kyrya\",\"url\":\"https:\\\/\\\/kyrya.es\\\/\",\"logo\":{\"@type\":\"ImageObject\",\"inLanguage\":\"fr-FR\",\"@id\":\"https:\\\/\\\/kyrya.es\\\/#\\\/schema\\\/logo\\\/image\\\/\",\"url\":\"https:\\\/\\\/kyrya.es\\\/wp-content\\\/uploads\\\/logo-kyrya.svg\",\"contentUrl\":\"https:\\\/\\\/kyrya.es\\\/wp-content\\\/uploads\\\/logo-kyrya.svg\",\"width\":\"1280\",\"height\":\"900\",\"caption\":\"Kyrya\"},\"image\":{\"@id\":\"https:\\\/\\\/kyrya.es\\\/#\\\/schema\\\/logo\\\/image\\\/\"},\"sameAs\":[\"https:\\\/\\\/www.facebook.com\\\/kyrya.es\",\"https:\\\/\\\/www.instagram.com\\\/kyrya.es\\\/\",\"https:\\\/\\\/www.linkedin.com\\\/company\\\/kyrya\\\/\",\"https:\\\/\\\/es.pinterest.com\\\/kyrya_es\\\/\"]}]}<\/script>\n<!-- \/ Yoast SEO plugin. -->","yoast_head_json":{"title":"Confirmado \/ Confirmed - Kyrya","description":"Tu suscripci\u00f3n se ha confirmado. Has sido a\u00f1adido a nuestra lista y tendr\u00e1s noticias nuestras pronto. Your subscription has been confirmed. You've been","robots":{"index":"noindex","follow":"follow"},"og_locale":"fr_FR","og_type":"article","og_title":"Confirmado \/ Confirmed - Kyrya","og_description":"Tu suscripci\u00f3n se ha confirmado. Has sido a\u00f1adido a nuestra lista y tendr\u00e1s noticias nuestras pronto. Your subscription has been confirmed. You've been","og_url":"https:\/\/kyrya.es\/confirmado\/","og_site_name":"Kyrya","article_publisher":"https:\/\/www.facebook.com\/kyrya.es","article_modified_time":"2024-08-14T12:57:30+00:00","og_image":[{"width":1600,"height":952,"url":"https:\/\/kyrya.es\/wp-content\/uploads\/kyrya-slide-1.jpg","type":"image\/jpeg"}],"twitter_card":"summary_large_image","schema":{"@context":"https:\/\/schema.org","@graph":[{"@type":"WebPage","@id":"https:\/\/kyrya.es\/confirmado\/","url":"https:\/\/kyrya.es\/confirmado\/","name":"Confirmado \/ Confirmed - Kyrya","isPartOf":{"@id":"https:\/\/kyrya.es\/#website"},"datePublished":"2018-05-22T08:38:27+00:00","dateModified":"2024-08-14T12:57:30+00:00","description":"Tu suscripci\u00f3n se ha confirmado. Has sido a\u00f1adido a nuestra lista y tendr\u00e1s noticias nuestras pronto. Your subscription has been confirmed. You've been","breadcrumb":{"@id":"https:\/\/kyrya.es\/confirmado\/#breadcrumb"},"inLanguage":"fr-FR","potentialAction":[{"@type":"ReadAction","target":["https:\/\/kyrya.es\/confirmado\/"]}]},{"@type":"BreadcrumbList","@id":"https:\/\/kyrya.es\/confirmado\/#breadcrumb","itemListElement":[{"@type":"ListItem","position":1,"name":"Kyrya","item":"https:\/\/kyrya.es\/fr\/"},{"@type":"ListItem","position":2,"name":"Confirmado \/ Confirmed"}]},{"@type":"WebSite","@id":"https:\/\/kyrya.es\/#website","url":"https:\/\/kyrya.es\/","name":"Kyrya","description":"Mobiliario de ba\u00f1o a medida","publisher":{"@id":"https:\/\/kyrya.es\/#organization"},"potentialAction":[{"@type":"SearchAction","target":{"@type":"EntryPoint","urlTemplate":"https:\/\/kyrya.es\/?s={search_term_string}"},"query-input":{"@type":"PropertyValueSpecification","valueRequired":true,"valueName":"search_term_string"}}],"inLanguage":"fr-FR"},{"@type":"Organization","@id":"https:\/\/kyrya.es\/#organization","name":"Kyrya","url":"https:\/\/kyrya.es\/","logo":{"@type":"ImageObject","inLanguage":"fr-FR","@id":"https:\/\/kyrya.es\/#\/schema\/logo\/image\/","url":"https:\/\/kyrya.es\/wp-content\/uploads\/logo-kyrya.svg","contentUrl":"https:\/\/kyrya.es\/wp-content\/uploads\/logo-kyrya.svg","width":"1280","height":"900","caption":"Kyrya"},"image":{"@id":"https:\/\/kyrya.es\/#\/schema\/logo\/image\/"},"sameAs":["https:\/\/www.facebook.com\/kyrya.es","https:\/\/www.instagram.com\/kyrya.es\/","https:\/\/www.linkedin.com\/company\/kyrya\/","https:\/\/es.pinterest.com\/kyrya_es\/"]}]}},"_links":{"self":[{"href":"https:\/\/kyrya.es\/fr\/wp-json\/wp\/v2\/pages\/8813","targetHints":{"allow":["GET"]}}],"collection":[{"href":"https:\/\/kyrya.es\/fr\/wp-json\/wp\/v2\/pages"}],"about":[{"href":"https:\/\/kyrya.es\/fr\/wp-json\/wp\/v2\/types\/page"}],"author":[{"embeddable":true,"href":"https:\/\/kyrya.es\/fr\/wp-json\/wp\/v2\/users\/1913"}],"replies":[{"embeddable":true,"href":"https:\/\/kyrya.es\/fr\/wp-json\/wp\/v2\/comments?post=8813"}],"version-history":[{"count":1,"href":"https:\/\/kyrya.es\/fr\/wp-json\/wp\/v2\/pages\/8813\/revisions"}],"predecessor-version":[{"id":68878,"href":"https:\/\/kyrya.es\/fr\/wp-json\/wp\/v2\/pages\/8813\/revisions\/68878"}],"wp:attachment":[{"href":"https:\/\/kyrya.es\/fr\/wp-json\/wp\/v2\/media?parent=8813"}],"curies":[{"name":"wp","href":"https:\/\/api.w.org\/{rel}","templated":true}]}}